{"id":64,"date":"2026-02-17T18:54:30","date_gmt":"2026-02-17T17:54:30","guid":{"rendered":"https:\/\/tempschoisi.eu\/?page_id=64"},"modified":"2026-02-17T18:56:07","modified_gmt":"2026-02-17T17:56:07","slug":"contact-et-mentions-legales","status":"publish","type":"page","link":"https:\/\/tempschoisi.eu\/?page_id=64","title":{"rendered":"Contact et Mentions L\u00e9gales"},"content":{"rendered":"\n<p>Vous pouvez nous contacter \u00e0 cette adresse : <strong>contact@tempschoisi.eu<\/strong><\/p>\n\n\n\n<p>Ce site est h\u00e9berg\u00e9 par OVH, le directeur de publication est Sylvain Solaro<br>Vous pouvez nous demander de retirer toute donn\u00e9e vous concernant par simple demande sur notre mail.<\/p>\n\n\n\n<p>TEMPS CHOISI est une association loi de 1901 cr\u00e9e \u00e0 Champigny-sur-Marne en 2015<\/p>\n\n\n\n<p>Pour toute correspondance \u00e9crite : <br>TEMPS CHOISI &#8211; 209 rue Saint Maur &#8211; 75010 Paris &#8211; France<\/p>\n","protected":false},"excerpt":{"rendered":"<p>Vous pouvez nous contacter \u00e0 cette adresse : contact@tempschoisi.eu Ce site est h\u00e9berg\u00e9 par OVH, le directeur de publication est Sylvain SolaroVous pouvez nous demander de retirer toute donn\u00e9e vous concernant par simple demande sur notre mail. TEMPS CHOISI est une association loi de 1901 cr\u00e9e \u00e0 Champigny-sur-Marne en 2015 Pour toute correspondance \u00e9crite : [&hellip;]<\/p>\n","protected":false},"author":1,"featured_media":0,"parent":0,"menu_order":0,"comment_status":"closed","ping_status":"closed","template":"","meta":{"footnotes":""},"class_list":["post-64","page","type-page","status-publish","hentry"],"_links":{"self":[{"href":"https:\/\/tempschoisi.eu\/index.php?rest_route=\/wp\/v2\/pages\/64","targetHints":{"allow":["GET"]}}],"collection":[{"href":"https:\/\/tempschoisi.eu\/index.php?rest_route=\/wp\/v2\/pages"}],"about":[{"href":"https:\/\/tempschoisi.eu\/index.php?rest_route=\/wp\/v2\/types\/page"}],"author":[{"embeddable":true,"href":"https:\/\/tempschoisi.eu\/index.php?rest_route=\/wp\/v2\/users\/1"}],"replies":[{"embeddable":true,"href":"https:\/\/tempschoisi.eu\/index.php?rest_route=%2Fwp%2Fv2%2Fcomments&post=64"}],"version-history":[{"count":2,"href":"https:\/\/tempschoisi.eu\/index.php?rest_route=\/wp\/v2\/pages\/64\/revisions"}],"predecessor-version":[{"id":67,"href":"https:\/\/tempschoisi.eu\/index.php?rest_route=\/wp\/v2\/pages\/64\/revisions\/67"}],"wp:attachment":[{"href":"https:\/\/tempschoisi.eu\/index.php?rest_route=%2Fwp%2Fv2%2Fmedia&parent=64"}],"curies":[{"name":"wp","href":"https:\/\/api.w.org\/{rel}","templated":true}]}}