{"id":68,"date":"2026-02-17T19:16:36","date_gmt":"2026-02-17T18:16:36","guid":{"rendered":"https:\/\/tempschoisi.eu\/?page_id=68"},"modified":"2026-02-17T19:19:21","modified_gmt":"2026-02-17T18:19:21","slug":"projets-erasmus","status":"publish","type":"page","link":"https:\/\/tempschoisi.eu\/?page_id=68","title":{"rendered":"Projets Erasmus+"},"content":{"rendered":"\n<p>TEMPS choisi a particip\u00e9 \u00e0 plusieurs mobilit\u00e9s Erasmus+<br>En 2024\/2025 l&rsquo;association a \u00e9t\u00e9 porteuse d&rsquo;un projet \u00e9ducation des adultes.<br>2023-1-FR01-KA210-ADU-000155028<br>Partenariats simplifi\u00e9s dans l&rsquo;\u00e9ducation des adultes.<\/p>\n\n\n\n<p>Vous pouvez le retrouver ici : <a href=\"https:\/\/heritage.tempschoisi.eu\/\" data-type=\"link\" data-id=\"https:\/\/heritage.tempschoisi.eu\/\">heritage.tempschoisi.eu<\/a><br><br><\/p>\n\n\n\n<p><\/p>\n","protected":false},"excerpt":{"rendered":"<p>TEMPS choisi a particip\u00e9 \u00e0 plusieurs mobilit\u00e9s Erasmus+En 2024\/2025 l&rsquo;association a \u00e9t\u00e9 porteuse d&rsquo;un projet \u00e9ducation des adultes.2023-1-FR01-KA210-ADU-000155028Partenariats simplifi\u00e9s dans l&rsquo;\u00e9ducation des adultes. Vous pouvez le retrouver ici : heritage.tempschoisi.eu<\/p>\n","protected":false},"author":1,"featured_media":0,"parent":0,"menu_order":0,"comment_status":"closed","ping_status":"closed","template":"","meta":{"footnotes":""},"class_list":["post-68","page","type-page","status-publish","hentry"],"_links":{"self":[{"href":"https:\/\/tempschoisi.eu\/index.php?rest_route=\/wp\/v2\/pages\/68","targetHints":{"allow":["GET"]}}],"collection":[{"href":"https:\/\/tempschoisi.eu\/index.php?rest_route=\/wp\/v2\/pages"}],"about":[{"href":"https:\/\/tempschoisi.eu\/index.php?rest_route=\/wp\/v2\/types\/page"}],"author":[{"embeddable":true,"href":"https:\/\/tempschoisi.eu\/index.php?rest_route=\/wp\/v2\/users\/1"}],"replies":[{"embeddable":true,"href":"https:\/\/tempschoisi.eu\/index.php?rest_route=%2Fwp%2Fv2%2Fcomments&post=68"}],"version-history":[{"count":3,"href":"https:\/\/tempschoisi.eu\/index.php?rest_route=\/wp\/v2\/pages\/68\/revisions"}],"predecessor-version":[{"id":72,"href":"https:\/\/tempschoisi.eu\/index.php?rest_route=\/wp\/v2\/pages\/68\/revisions\/72"}],"wp:attachment":[{"href":"https:\/\/tempschoisi.eu\/index.php?rest_route=%2Fwp%2Fv2%2Fmedia&parent=68"}],"curies":[{"name":"wp","href":"https:\/\/api.w.org\/{rel}","templated":true}]}}